{"id":458,"date":"2025-03-30T22:08:43","date_gmt":"2025-03-31T03:08:43","guid":{"rendered":"https:\/\/newsite.bgodontologos.com\/?page_id=458"},"modified":"2025-11-26T02:03:45","modified_gmt":"2025-11-26T07:03:45","slug":"blanqueamiento-dental","status":"publish","type":"page","link":"https:\/\/bgodontologos.com\/en\/blanqueamiento-dental\/","title":{"rendered":"Teeth Whitening"},"content":{"rendered":"<div data-elementor-type=\"wp-page\" data-elementor-id=\"458\" class=\"elementor elementor-458\" data-elementor-post-type=\"page\">\n\t\t\t\t<div class=\"elementor-element elementor-element-180d54b1 e-flex e-con-boxed e-con e-parent\" data-id=\"180d54b1\" data-element_type=\"container\" data-e-type=\"container\" data-settings=\"{&quot;background_background&quot;:&quot;classic&quot;}\">\n\t\t\t\t\t<div class=\"e-con-inner\">\n\t\t<div class=\"elementor-element elementor-element-66d240a9 e-con-full e-flex e-con e-child\" data-id=\"66d240a9\" data-element_type=\"container\" data-e-type=\"container\">\n\t\t\t\t<div class=\"elementor-element elementor-element-20b2e819 elementor-invisible elementor-widget elementor-widget-heading\" data-id=\"20b2e819\" data-element_type=\"widget\" data-e-type=\"widget\" data-settings=\"{&quot;_animation&quot;:&quot;fadeInUp&quot;,&quot;_animation_delay&quot;:200}\" data-widget_type=\"heading.default\">\n\t\t\t\t<div class=\"elementor-widget-container\">\n\t\t\t\t\t<h1 class=\"elementor-heading-title elementor-size-default\">Teeth Whitening<\/h1>\t\t\t\t<\/div>\n\t\t\t\t<\/div>\n\t\t\t\t<\/div>\n\t\t\t\t<div class=\"elementor-element elementor-element-383815b elementor-align-center elementor-widget elementor-widget-button\" data-id=\"383815b\" data-element_type=\"widget\" data-e-type=\"widget\" data-widget_type=\"button.default\">\n\t\t\t\t<div class=\"elementor-widget-container\">\n\t\t\t\t\t\t\t\t\t<div class=\"elementor-button-wrapper\">\n\t\t\t\t\t<a class=\"elementor-button elementor-button-link elementor-size-sm\" href=\"https:\/\/wa.me\/573242376599\" target=\"_blank\">\n\t\t\t\t\t\t<span class=\"elementor-button-content-wrapper\">\n\t\t\t\t\t\t\t\t\t<span class=\"elementor-button-text\">Schedule Your Appointment<\/span>\n\t\t\t\t\t<\/span>\n\t\t\t\t\t<\/a>\n\t\t\t\t<\/div>\n\t\t\t\t\t\t\t\t<\/div>\n\t\t\t\t<\/div>\n\t\t\t\t\t<\/div>\n\t\t\t\t<\/div>\n\t\t<div class=\"elementor-element elementor-element-55febc9 e-flex e-con-boxed e-con e-parent\" data-id=\"55febc9\" data-element_type=\"container\" data-e-type=\"container\">\n\t\t\t\t\t<div class=\"e-con-inner\">\n\t\t<div class=\"elementor-element elementor-element-8e05146 e-con-full e-flex e-con e-child\" data-id=\"8e05146\" data-element_type=\"container\" data-e-type=\"container\">\n\t\t<div class=\"elementor-element elementor-element-20ca248 e-con-full e-flex e-con e-child\" data-id=\"20ca248\" data-element_type=\"container\" data-e-type=\"container\" data-settings=\"{&quot;background_background&quot;:&quot;classic&quot;}\">\n\t\t<div class=\"elementor-element elementor-element-67c6b79 e-con-full e-flex elementor-invisible e-con e-child\" data-id=\"67c6b79\" data-element_type=\"container\" data-e-type=\"container\" data-settings=\"{&quot;animation&quot;:&quot;fadeInLeft&quot;}\">\n\t\t<div class=\"elementor-element elementor-element-dbcf36c e-grid e-con-full e-con e-child\" data-id=\"dbcf36c\" data-element_type=\"container\" data-e-type=\"container\">\n\t\t<div class=\"elementor-element elementor-element-9f27592 e-con-full e-grid e-con e-child\" data-id=\"9f27592\" data-element_type=\"container\" data-e-type=\"container\">\n\t\t\t\t<div class=\"elementor-element elementor-element-7211a87 elementor-widget elementor-widget-image\" data-id=\"7211a87\" data-element_type=\"widget\" data-e-type=\"widget\" data-widget_type=\"image.default\">\n\t\t\t\t<div class=\"elementor-widget-container\">\n\t\t\t\t\t\t\t\t\t\t\t\t\t\t\t<img fetchpriority=\"high\" decoding=\"async\" width=\"2560\" height=\"1707\" src=\"https:\/\/bgodontologos.com\/wp-content\/uploads\/2025\/04\/ANTES-1-1-scaled.jpg\" class=\"attachment-full size-full wp-image-667\" alt=\"\" srcset=\"https:\/\/bgodontologos.com\/wp-content\/uploads\/2025\/04\/ANTES-1-1-scaled.jpg 2560w, https:\/\/bgodontologos.com\/wp-content\/uploads\/2025\/04\/ANTES-1-1-300x200.jpg 300w, https:\/\/bgodontologos.com\/wp-content\/uploads\/2025\/04\/ANTES-1-1-1024x683.jpg 1024w, https:\/\/bgodontologos.com\/wp-content\/uploads\/2025\/04\/ANTES-1-1-768x512.jpg 768w, https:\/\/bgodontologos.com\/wp-content\/uploads\/2025\/04\/ANTES-1-1-1536x1024.jpg 1536w, https:\/\/bgodontologos.com\/wp-content\/uploads\/2025\/04\/ANTES-1-1-2048x1365.jpg 2048w\" sizes=\"(max-width: 2560px) 100vw, 2560px\" \/>\t\t\t\t\t\t\t\t\t\t\t\t\t\t\t<\/div>\n\t\t\t\t<\/div>\n\t\t\t\t<div class=\"elementor-element elementor-element-62e4bb1 elementor-widget elementor-widget-image\" data-id=\"62e4bb1\" data-element_type=\"widget\" data-e-type=\"widget\" data-widget_type=\"image.default\">\n\t\t\t\t<div class=\"elementor-widget-container\">\n\t\t\t\t\t\t\t\t\t\t\t\t\t\t\t<img decoding=\"async\" width=\"2560\" height=\"1707\" src=\"https:\/\/bgodontologos.com\/wp-content\/uploads\/2025\/04\/DESPUES-2-1-scaled.jpg\" class=\"attachment-full size-full wp-image-665\" alt=\"\" srcset=\"https:\/\/bgodontologos.com\/wp-content\/uploads\/2025\/04\/DESPUES-2-1-scaled.jpg 2560w, https:\/\/bgodontologos.com\/wp-content\/uploads\/2025\/04\/DESPUES-2-1-300x200.jpg 300w, https:\/\/bgodontologos.com\/wp-content\/uploads\/2025\/04\/DESPUES-2-1-1024x683.jpg 1024w, https:\/\/bgodontologos.com\/wp-content\/uploads\/2025\/04\/DESPUES-2-1-768x512.jpg 768w, https:\/\/bgodontologos.com\/wp-content\/uploads\/2025\/04\/DESPUES-2-1-1536x1024.jpg 1536w, https:\/\/bgodontologos.com\/wp-content\/uploads\/2025\/04\/DESPUES-2-1-2048x1365.jpg 2048w\" sizes=\"(max-width: 2560px) 100vw, 2560px\" \/>\t\t\t\t\t\t\t\t\t\t\t\t\t\t\t<\/div>\n\t\t\t\t<\/div>\n\t\t\t\t<\/div>\n\t\t\t\t<div class=\"elementor-element elementor-element-d628370 elementor-widget elementor-widget-image\" data-id=\"d628370\" data-element_type=\"widget\" data-e-type=\"widget\" data-widget_type=\"image.default\">\n\t\t\t\t<div class=\"elementor-widget-container\">\n\t\t\t\t\t\t\t\t\t\t\t\t\t\t\t<img decoding=\"async\" width=\"1707\" height=\"2560\" src=\"https:\/\/bgodontologos.com\/wp-content\/uploads\/2025\/04\/DESPUES-1-scaled.jpg\" class=\"attachment-full size-full wp-image-666\" alt=\"\" srcset=\"https:\/\/bgodontologos.com\/wp-content\/uploads\/2025\/04\/DESPUES-1-scaled.jpg 1707w, https:\/\/bgodontologos.com\/wp-content\/uploads\/2025\/04\/DESPUES-1-200x300.jpg 200w, https:\/\/bgodontologos.com\/wp-content\/uploads\/2025\/04\/DESPUES-1-683x1024.jpg 683w, https:\/\/bgodontologos.com\/wp-content\/uploads\/2025\/04\/DESPUES-1-768x1152.jpg 768w, https:\/\/bgodontologos.com\/wp-content\/uploads\/2025\/04\/DESPUES-1-1024x1536.jpg 1024w, https:\/\/bgodontologos.com\/wp-content\/uploads\/2025\/04\/DESPUES-1-1365x2048.jpg 1365w\" sizes=\"(max-width: 1707px) 100vw, 1707px\" \/>\t\t\t\t\t\t\t\t\t\t\t\t\t\t\t<\/div>\n\t\t\t\t<\/div>\n\t\t\t\t<\/div>\n\t\t\t\t<\/div>\n\t\t<div class=\"elementor-element elementor-element-61be219 e-con-full e-flex elementor-invisible e-con e-child\" data-id=\"61be219\" data-element_type=\"container\" data-e-type=\"container\" data-settings=\"{&quot;animation&quot;:&quot;fadeInRight&quot;}\">\n\t\t\t\t<div class=\"elementor-element elementor-element-2e7e96f elementor-widget elementor-widget-heading\" data-id=\"2e7e96f\" data-element_type=\"widget\" data-e-type=\"widget\" data-widget_type=\"heading.default\">\n\t\t\t\t<div class=\"elementor-widget-container\">\n\t\t\t\t\t<div class=\"elementor-heading-title elementor-size-default\">Teeth whitening is a popular cosmetic dentistry treatment that helps remove stains and discoloration from teeth, leaving them whiter and brighter. Using bleaching agents such as hydrogen peroxide or carbamide peroxide, this procedure restores the radiance of your smile.\n\nWith a whiter, more attractive smile, it's natural to feel more confident and happy with yourself. <b>BG Dentists<\/b>We have dental aesthetics specialists committed to providing you with safe and effective teeth whitening. Let us help you achieve your best smile!<\/div>\t\t\t\t<\/div>\n\t\t\t\t<\/div>\n\t\t\t\t<div class=\"elementor-element elementor-element-da10f1a elementor-widget elementor-widget-heading\" data-id=\"da10f1a\" data-element_type=\"widget\" data-e-type=\"widget\" data-widget_type=\"heading.default\">\n\t\t\t\t<div class=\"elementor-widget-container\">\n\t\t\t\t\t<h2 class=\"elementor-heading-title elementor-size-default\">Why choose our teeth whitening treatment?<\/h2>\t\t\t\t<\/div>\n\t\t\t\t<\/div>\n\t\t\t\t<div class=\"elementor-element elementor-element-d90ac32 elementor-widget elementor-widget-text-editor\" data-id=\"d90ac32\" data-element_type=\"widget\" data-e-type=\"widget\" data-widget_type=\"text-editor.default\">\n\t\t\t\t<div class=\"elementor-widget-container\">\n\t\t\t\t\t\t\t\t\t<p class=\"\" data-start=\"594\" data-end=\"709\">\u2714 <strong data-start=\"503\" data-end=\"537\">Visible and safe results:<\/strong> We use advanced techniques and high-quality products.<\/p><p class=\"\" data-start=\"594\" data-end=\"709\">\u2714 <strong data-start=\"601\" data-end=\"631\">Personalized treatment:<\/strong> Tailored to your tooth tone and aesthetic needs.<\/p><p class=\"\" data-start=\"594\" data-end=\"709\">\u2714 <strong data-start=\"687\" data-end=\"709\">Fast and effective:<\/strong> You'll notice the difference in no time.<\/p><p class=\"\" data-start=\"594\" data-end=\"709\"><br data-start=\"747\" data-end=\"750\" \/>\u2714 <strong data-start=\"752\" data-end=\"779\">Specialized care<\/strong><\/p><p data-start=\"594\" data-end=\"709\">\u00a0<\/p>\t\t\t\t\t\t\t\t<\/div>\n\t\t\t\t<\/div>\n\t\t<div class=\"elementor-element elementor-element-ccf5d43 e-con-full e-flex e-con e-child\" data-id=\"ccf5d43\" data-element_type=\"container\" data-e-type=\"container\">\n\t\t\t\t<div class=\"elementor-element elementor-element-39ee8c0 elementor-icon-list--layout-traditional elementor-list-item-link-full_width elementor-widget elementor-widget-icon-list\" data-id=\"39ee8c0\" data-element_type=\"widget\" data-e-type=\"widget\" data-widget_type=\"icon-list.default\">\n\t\t\t\t<div class=\"elementor-widget-container\">\n\t\t\t\t\t\t\t<ul class=\"elementor-icon-list-items\">\n\t\t\t\t\t\t\t<li class=\"elementor-icon-list-item\">\n\t\t\t\t\t\t\t\t\t\t\t<span class=\"elementor-icon-list-icon\">\n\t\t\t\t\t\t\t<i aria-hidden=\"true\" class=\"ti-money\"><\/i>\t\t\t\t\t\t<\/span>\n\t\t\t\t\t\t\t\t\t\t<span class=\"elementor-icon-list-text\"><\/span>\n\t\t\t\t\t\t\t\t\t<\/li>\n\t\t\t\t\t\t<\/ul>\n\t\t\t\t\t\t<\/div>\n\t\t\t\t<\/div>\n\t\t\t\t<div class=\"elementor-element elementor-element-a628eaa elementor-widget elementor-widget-button\" data-id=\"a628eaa\" data-element_type=\"widget\" data-e-type=\"widget\" data-widget_type=\"button.default\">\n\t\t\t\t<div class=\"elementor-widget-container\">\n\t\t\t\t\t\t\t\t\t<div class=\"elementor-button-wrapper\">\n\t\t\t\t\t<a class=\"elementor-button elementor-button-link elementor-size-sm\" href=\"https:\/\/wa.me\/573242376599\" target=\"_blank\">\n\t\t\t\t\t\t<span class=\"elementor-button-content-wrapper\">\n\t\t\t\t\t\t\t\t\t<span class=\"elementor-button-text\">Schedule Your Evaluation<\/span>\n\t\t\t\t\t<\/span>\n\t\t\t\t\t<\/a>\n\t\t\t\t<\/div>\n\t\t\t\t\t\t\t\t<\/div>\n\t\t\t\t<\/div>\n\t\t\t\t<\/div>\n\t\t\t\t<\/div>\n\t\t\t\t<\/div>\n\t\t\t\t<\/div>\n\t\t\t\t\t<\/div>\n\t\t\t\t<\/div>\n\t\t<div class=\"elementor-element elementor-element-7db045d e-flex e-con-boxed e-con e-parent\" data-id=\"7db045d\" data-element_type=\"container\" data-e-type=\"container\" data-settings=\"{&quot;background_background&quot;:&quot;classic&quot;}\">\n\t\t\t\t\t<div class=\"e-con-inner\">\n\t\t<div class=\"elementor-element elementor-element-ec01fdd e-con-full e-flex e-con e-child\" data-id=\"ec01fdd\" data-element_type=\"container\" data-e-type=\"container\">\n\t\t<div class=\"elementor-element elementor-element-ca6926b e-con-full e-flex e-con e-child\" data-id=\"ca6926b\" data-element_type=\"container\" data-e-type=\"container\" data-settings=\"{&quot;background_background&quot;:&quot;classic&quot;}\">\n\t\t<div class=\"elementor-element elementor-element-9f081d7 e-con-full e-flex e-con e-child\" data-id=\"9f081d7\" data-element_type=\"container\" data-e-type=\"container\" id=\"blanqueamiento-dental\">\n\t\t\t\t<div class=\"elementor-element elementor-element-b1bf1fc elementor-invisible elementor-widget elementor-widget-image\" data-id=\"b1bf1fc\" data-element_type=\"widget\" data-e-type=\"widget\" data-settings=\"{&quot;_animation&quot;:&quot;fadeInUp&quot;,&quot;_animation_delay&quot;:200}\" data-widget_type=\"image.default\">\n\t\t\t\t<div class=\"elementor-widget-container\">\n\t\t\t\t\t\t\t\t\t\t\t\t\t\t\t<img loading=\"lazy\" decoding=\"async\" width=\"800\" height=\"511\" src=\"https:\/\/bgodontologos.com\/wp-content\/uploads\/2025\/03\/6fd577b0f6784c689e96a27108532030.avif\" class=\"attachment-full size-full wp-image-437\" alt=\"\" srcset=\"https:\/\/bgodontologos.com\/wp-content\/uploads\/2025\/03\/6fd577b0f6784c689e96a27108532030.avif 800w, https:\/\/bgodontologos.com\/wp-content\/uploads\/2025\/03\/6fd577b0f6784c689e96a27108532030-300x192.avif 300w, https:\/\/bgodontologos.com\/wp-content\/uploads\/2025\/03\/6fd577b0f6784c689e96a27108532030-768x491.avif 768w\" sizes=\"(max-width: 800px) 100vw, 800px\" \/>\t\t\t\t\t\t\t\t\t\t\t\t\t\t\t<\/div>\n\t\t\t\t<\/div>\n\t\t\t\t<\/div>\n\t\t<div class=\"elementor-element elementor-element-66ca9e9 e-con-full e-flex elementor-invisible e-con e-child\" data-id=\"66ca9e9\" data-element_type=\"container\" data-e-type=\"container\" data-settings=\"{&quot;animation&quot;:&quot;fadeInLeft&quot;}\">\n\t\t\t\t<div class=\"elementor-element elementor-element-e12fc26 elementor-widget elementor-widget-heading\" data-id=\"e12fc26\" data-element_type=\"widget\" data-e-type=\"widget\" data-widget_type=\"heading.default\">\n\t\t\t\t<div class=\"elementor-widget-container\">\n\t\t\t\t\t<h2 class=\"elementor-heading-title elementor-size-default\">Is teeth whitening right for you?<\/h2>\t\t\t\t<\/div>\n\t\t\t\t<\/div>\n\t\t\t\t<div class=\"elementor-element elementor-element-0e65c91 elementor-widget elementor-widget-heading\" data-id=\"0e65c91\" data-element_type=\"widget\" data-e-type=\"widget\" data-widget_type=\"heading.default\">\n\t\t\t\t<div class=\"elementor-widget-container\">\n\t\t\t\t\t<div class=\"elementor-heading-title elementor-size-default\">If you're looking to improve the appearance of your smile, teeth whitening may be the solution you need. This treatment is recommended for people over 18 with good oral health who want whiter, brighter teeth.\n\nTeeth whitening is especially effective at removing stains caused by consuming pigmented foods and drinks, as well as smoking and aging. However, before starting treatment, it's essential to consult a dentist for a professional evaluation to determine the most suitable whitening method for you.<\/div>\t\t\t\t<\/div>\n\t\t\t\t<\/div>\n\t\t\t\t<div class=\"elementor-element elementor-element-e1756da elementor-align-center elementor-widget elementor-widget-button\" data-id=\"e1756da\" data-element_type=\"widget\" data-e-type=\"widget\" data-widget_type=\"button.default\">\n\t\t\t\t<div class=\"elementor-widget-container\">\n\t\t\t\t\t\t\t\t\t<div class=\"elementor-button-wrapper\">\n\t\t\t\t\t<a class=\"elementor-button elementor-button-link elementor-size-sm\" href=\"https:\/\/wa.me\/573242376599\" target=\"_blank\">\n\t\t\t\t\t\t<span class=\"elementor-button-content-wrapper\">\n\t\t\t\t\t\t\t\t\t<span class=\"elementor-button-text\">Schedule your appointment today!<\/span>\n\t\t\t\t\t<\/span>\n\t\t\t\t\t<\/a>\n\t\t\t\t<\/div>\n\t\t\t\t\t\t\t\t<\/div>\n\t\t\t\t<\/div>\n\t\t\t\t<\/div>\n\t\t\t\t<\/div>\n\t\t\t\t<\/div>\n\t\t\t\t\t<\/div>\n\t\t\t\t<\/div>\n\t\t\t\t<\/div>","protected":false},"excerpt":{"rendered":"<p>Blanqueamiento Dental Agenda tu cita El blanqueamiento dental es un tratamiento popular en odontolog\u00eda est\u00e9tica que ayuda a eliminar manchas y decoloraciones en los dientes, dej\u00e1ndolos m\u00e1s blancos y brillantes. Al utilizar agentes blanqueadores como per\u00f3xido de hidr\u00f3geno o per\u00f3xido de carbamida, este procedimiento restaura la luminosidad de tu sonrisa. Con una sonrisa m\u00e1s blanca [&hellip;]<\/p>","protected":false},"author":1,"featured_media":0,"parent":0,"menu_order":0,"comment_status":"closed","ping_status":"closed","template":"elementor_header_footer","meta":{"footnotes":""},"class_list":["post-458","page","type-page","status-publish","hentry"],"_links":{"self":[{"href":"https:\/\/bgodontologos.com\/en\/wp-json\/wp\/v2\/pages\/458","targetHints":{"allow":["GET"]}}],"collection":[{"href":"https:\/\/bgodontologos.com\/en\/wp-json\/wp\/v2\/pages"}],"about":[{"href":"https:\/\/bgodontologos.com\/en\/wp-json\/wp\/v2\/types\/page"}],"author":[{"embeddable":true,"href":"https:\/\/bgodontologos.com\/en\/wp-json\/wp\/v2\/users\/1"}],"replies":[{"embeddable":true,"href":"https:\/\/bgodontologos.com\/en\/wp-json\/wp\/v2\/comments?post=458"}],"version-history":[{"count":106,"href":"https:\/\/bgodontologos.com\/en\/wp-json\/wp\/v2\/pages\/458\/revisions"}],"predecessor-version":[{"id":2569,"href":"https:\/\/bgodontologos.com\/en\/wp-json\/wp\/v2\/pages\/458\/revisions\/2569"}],"wp:attachment":[{"href":"https:\/\/bgodontologos.com\/en\/wp-json\/wp\/v2\/media?parent=458"}],"curies":[{"name":"wp","href":"https:\/\/api.w.org\/{rel}","templated":true}]}}