{"id":517,"date":"2025-03-31T22:59:00","date_gmt":"2025-04-01T03:59:00","guid":{"rendered":"https:\/\/newsite.bgodontologos.com\/?page_id=517"},"modified":"2025-11-25T12:56:31","modified_gmt":"2025-11-25T17:56:31","slug":"perodoncia","status":"publish","type":"page","link":"https:\/\/bgodontologos.com\/en\/perodoncia\/","title":{"rendered":"Periodontics"},"content":{"rendered":"<div data-elementor-type=\"wp-page\" data-elementor-id=\"517\" class=\"elementor elementor-517\" data-elementor-post-type=\"page\">\n\t\t\t\t<div class=\"elementor-element elementor-element-180d54b1 e-flex e-con-boxed e-con e-parent\" data-id=\"180d54b1\" data-element_type=\"container\" data-e-type=\"container\" data-settings=\"{&quot;background_background&quot;:&quot;classic&quot;}\">\n\t\t\t\t\t<div class=\"e-con-inner\">\n\t\t<div class=\"elementor-element elementor-element-66d240a9 e-con-full e-flex e-con e-child\" data-id=\"66d240a9\" data-element_type=\"container\" data-e-type=\"container\">\n\t\t\t\t<div class=\"elementor-element elementor-element-20b2e819 elementor-invisible elementor-widget elementor-widget-heading\" data-id=\"20b2e819\" data-element_type=\"widget\" data-e-type=\"widget\" data-settings=\"{&quot;_animation&quot;:&quot;fadeInUp&quot;,&quot;_animation_delay&quot;:200}\" data-widget_type=\"heading.default\">\n\t\t\t\t<div class=\"elementor-widget-container\">\n\t\t\t\t\t<h1 class=\"elementor-heading-title elementor-size-default\">Periodontics<\/h1>\t\t\t\t<\/div>\n\t\t\t\t<\/div>\n\t\t\t\t<div class=\"elementor-element elementor-element-1de30635 elementor-invisible elementor-widget elementor-widget-heading\" data-id=\"1de30635\" data-element_type=\"widget\" data-e-type=\"widget\" data-settings=\"{&quot;_animation&quot;:&quot;fadeInUp&quot;,&quot;_animation_delay&quot;:300}\" data-widget_type=\"heading.default\">\n\t\t\t\t<div class=\"elementor-widget-container\">\n\t\t\t\t\t<h4 class=\"elementor-heading-title elementor-size-default\">Transforma tu sonrisa Protege la salud de tus enc\u00edas<\/h4>\t\t\t\t<\/div>\n\t\t\t\t<\/div>\n\t\t\t\t<\/div>\n\t\t\t\t\t<\/div>\n\t\t\t\t<\/div>\n\t\t<div class=\"elementor-element elementor-element-4e1a339 e-flex e-con-boxed e-con e-parent\" data-id=\"4e1a339\" data-element_type=\"container\" data-e-type=\"container\">\n\t\t\t\t\t<div class=\"e-con-inner\">\n\t\t<div class=\"elementor-element elementor-element-dc3824c e-con-full e-flex e-con e-child\" data-id=\"dc3824c\" data-element_type=\"container\" data-e-type=\"container\">\n\t\t\t\t<div class=\"elementor-element elementor-element-a740d3e elementor-invisible elementor-widget elementor-widget-image\" data-id=\"a740d3e\" data-element_type=\"widget\" data-e-type=\"widget\" data-settings=\"{&quot;_animation&quot;:&quot;fadeInLeft&quot;,&quot;_animation_delay&quot;:200}\" data-widget_type=\"image.default\">\n\t\t\t\t<div class=\"elementor-widget-container\">\n\t\t\t\t\t\t\t\t\t\t\t\t\t\t\t<img fetchpriority=\"high\" decoding=\"async\" width=\"2560\" height=\"1707\" src=\"https:\/\/bgodontologos.com\/wp-content\/uploads\/2025\/04\/periodoncia-1-scaled.jpg\" class=\"attachment-full size-full wp-image-703\" alt=\"\" srcset=\"https:\/\/bgodontologos.com\/wp-content\/uploads\/2025\/04\/periodoncia-1-scaled.jpg 2560w, https:\/\/bgodontologos.com\/wp-content\/uploads\/2025\/04\/periodoncia-1-300x200.jpg 300w, https:\/\/bgodontologos.com\/wp-content\/uploads\/2025\/04\/periodoncia-1-1024x683.jpg 1024w, https:\/\/bgodontologos.com\/wp-content\/uploads\/2025\/04\/periodoncia-1-768x512.jpg 768w, https:\/\/bgodontologos.com\/wp-content\/uploads\/2025\/04\/periodoncia-1-1536x1024.jpg 1536w, https:\/\/bgodontologos.com\/wp-content\/uploads\/2025\/04\/periodoncia-1-2048x1365.jpg 2048w\" sizes=\"(max-width: 2560px) 100vw, 2560px\" \/>\t\t\t\t\t\t\t\t\t\t\t\t\t\t\t<\/div>\n\t\t\t\t<\/div>\n\t\t\t\t<\/div>\n\t\t<div class=\"elementor-element elementor-element-fc32f6d e-con-full e-flex e-con e-child\" data-id=\"fc32f6d\" data-element_type=\"container\" data-e-type=\"container\">\n\t\t\t\t<div class=\"elementor-element elementor-element-e51ccac elementor-widget elementor-widget-spacer\" data-id=\"e51ccac\" data-element_type=\"widget\" data-e-type=\"widget\" data-widget_type=\"spacer.default\">\n\t\t\t\t<div class=\"elementor-widget-container\">\n\t\t\t\t\t\t\t<div class=\"elementor-spacer\">\n\t\t\t<div class=\"elementor-spacer-inner\"><\/div>\n\t\t<\/div>\n\t\t\t\t\t\t<\/div>\n\t\t\t\t<\/div>\n\t\t\t\t<div class=\"elementor-element elementor-element-b83f98a elementor-widget elementor-widget-heading\" data-id=\"b83f98a\" data-element_type=\"widget\" data-e-type=\"widget\" data-widget_type=\"heading.default\">\n\t\t\t\t<div class=\"elementor-widget-container\">\n\t\t\t\t\t<div class=\"elementor-heading-title elementor-size-default\"> The <strong data-start=\"40\" data-end=\"58\">periodoncia<\/strong>  es clave para prevenir, diagnosticar y tratar enfermedades como la <strong data-start=\"40\" data-end=\"58\">gingivitis y la periodontitis,<\/strong> causadas por la acumulaci\u00f3n de placa bacteriana. Si no se tratan a tiempo, pueden provocar mal aliento, inflamaci\u00f3n e incluso la p\u00e9rdida de dientes.\n\n<\/div>\t\t\t\t<\/div>\n\t\t\t\t<\/div>\n\t\t\t\t<div class=\"elementor-element elementor-element-aae50ab elementor-widget elementor-widget-heading\" data-id=\"aae50ab\" data-element_type=\"widget\" data-e-type=\"widget\" data-widget_type=\"heading.default\">\n\t\t\t\t<div class=\"elementor-widget-container\">\n\t\t\t\t\t<div class=\"elementor-heading-title elementor-size-default\">In <strong data-start=\"50\" data-end=\"60\">BG Dentists<\/strong> contamos con especialistas altamente capacitados para cuidar la salud de tus enc\u00edas y prevenir complicaciones.<\/div>\t\t\t\t<\/div>\n\t\t\t\t<\/div>\n\t\t\t\t<div class=\"elementor-element elementor-element-57693a5 elementor-widget-divider--view-line elementor-widget elementor-widget-divider\" data-id=\"57693a5\" data-element_type=\"widget\" data-e-type=\"widget\" data-widget_type=\"divider.default\">\n\t\t\t\t<div class=\"elementor-widget-container\">\n\t\t\t\t\t\t\t<div class=\"elementor-divider\">\n\t\t\t<span class=\"elementor-divider-separator\">\n\t\t\t\t\t\t<\/span>\n\t\t<\/div>\n\t\t\t\t\t\t<\/div>\n\t\t\t\t<\/div>\n\t\t<div class=\"elementor-element elementor-element-99f5823 e-con-full e-flex e-con e-child\" data-id=\"99f5823\" data-element_type=\"container\" data-e-type=\"container\">\n\t\t\t\t<div class=\"elementor-element elementor-element-e6705ee elementor-icon-list--layout-traditional elementor-list-item-link-full_width elementor-widget elementor-widget-icon-list\" data-id=\"e6705ee\" data-element_type=\"widget\" data-e-type=\"widget\" data-widget_type=\"icon-list.default\">\n\t\t\t\t<div class=\"elementor-widget-container\">\n\t\t\t\t\t\t\t<ul class=\"elementor-icon-list-items\">\n\t\t\t\t\t\t\t<li class=\"elementor-icon-list-item\">\n\t\t\t\t\t\t\t\t\t\t\t<span class=\"elementor-icon-list-icon\">\n\t\t\t\t\t\t\t<i aria-hidden=\"true\" class=\"ti-money\"><\/i>\t\t\t\t\t\t<\/span>\n\t\t\t\t\t\t\t\t\t\t<span class=\"elementor-icon-list-text\">80.000<\/span>\n\t\t\t\t\t\t\t\t\t<\/li>\n\t\t\t\t\t\t<\/ul>\n\t\t\t\t\t\t<\/div>\n\t\t\t\t<\/div>\n\t\t\t\t<div class=\"elementor-element elementor-element-36b1129 elementor-widget elementor-widget-button\" data-id=\"36b1129\" data-element_type=\"widget\" data-e-type=\"widget\" data-widget_type=\"button.default\">\n\t\t\t\t<div class=\"elementor-widget-container\">\n\t\t\t\t\t\t\t\t\t<div class=\"elementor-button-wrapper\">\n\t\t\t\t\t<a class=\"elementor-button elementor-button-link elementor-size-sm\" href=\"https:\/\/newsite.bgodontologos.com\/contactenos\/\">\n\t\t\t\t\t\t<span class=\"elementor-button-content-wrapper\">\n\t\t\t\t\t\t\t\t\t<span class=\"elementor-button-text\">Contact Us<\/span>\n\t\t\t\t\t<\/span>\n\t\t\t\t\t<\/a>\n\t\t\t\t<\/div>\n\t\t\t\t\t\t\t\t<\/div>\n\t\t\t\t<\/div>\n\t\t\t\t<\/div>\n\t\t\t\t<\/div>\n\t\t\t\t\t<\/div>\n\t\t\t\t<\/div>\n\t\t<div class=\"elementor-element elementor-element-b69f86f e-flex e-con-boxed e-con e-parent\" data-id=\"b69f86f\" data-element_type=\"container\" data-e-type=\"container\" data-settings=\"{&quot;background_background&quot;:&quot;classic&quot;}\">\n\t\t\t\t\t<div class=\"e-con-inner\">\n\t\t<div class=\"elementor-element elementor-element-c0c5fc9 e-grid e-con-full e-con e-child\" data-id=\"c0c5fc9\" data-element_type=\"container\" data-e-type=\"container\">\n\t\t<div class=\"elementor-element elementor-element-83e7195 e-con-full e-flex elementor-invisible e-con e-child\" data-id=\"83e7195\" data-element_type=\"container\" data-e-type=\"container\" data-settings=\"{&quot;animation&quot;:&quot;fadeInLeft&quot;}\">\n\t\t\t\t<div class=\"elementor-element elementor-element-0b3702c elementor-widget elementor-widget-heading\" data-id=\"0b3702c\" data-element_type=\"widget\" data-e-type=\"widget\" data-widget_type=\"heading.default\">\n\t\t\t\t<div class=\"elementor-widget-container\">\n\t\t\t\t\t<h2 class=\"elementor-heading-title elementor-size-default\">\u00bfCu\u00e1ndo acudir a una cita de periodoncia?<\/h2>\t\t\t\t<\/div>\n\t\t\t\t<\/div>\n\t\t\t\t<div class=\"elementor-element elementor-element-1270df3 elementor-widget elementor-widget-heading\" data-id=\"1270df3\" data-element_type=\"widget\" data-e-type=\"widget\" data-widget_type=\"heading.default\">\n\t\t\t\t<div class=\"elementor-widget-container\">\n\t\t\t\t\t<div class=\"elementor-heading-title elementor-size-default\">Si notas <strong data-start=\"40\" data-end=\"58\">sangrado, inflamaci\u00f3n o sensibilidad en las enc\u00edas,<\/strong>  es momento de acudir a un especialista. Detectar a tiempo las enfermedades periodontales evita complicaciones graves como la p\u00e9rdida de dientes.<\/div>\t\t\t\t<\/div>\n\t\t\t\t<\/div>\n\t\t\t\t<\/div>\n\t\t<div class=\"elementor-element elementor-element-1884083 e-con-full e-flex e-con e-child\" data-id=\"1884083\" data-element_type=\"container\" data-e-type=\"container\">\n\t\t\t\t<div class=\"elementor-element elementor-element-79f6813 elementor-widget elementor-widget-heading\" data-id=\"79f6813\" data-element_type=\"widget\" data-e-type=\"widget\" data-widget_type=\"heading.default\">\n\t\t\t\t<div class=\"elementor-widget-container\">\n\t\t\t\t\t<h2 class=\"elementor-heading-title elementor-size-default\">\ud83d\udea8 S\u00edntomas de alarma:<\/h2>\t\t\t\t<\/div>\n\t\t\t\t<\/div>\n\t\t\t\t<div class=\"elementor-element elementor-element-8c6f2db elementor-widget elementor-widget-text-editor\" data-id=\"8c6f2db\" data-element_type=\"widget\" data-e-type=\"widget\" data-widget_type=\"text-editor.default\">\n\t\t\t\t<div class=\"elementor-widget-container\">\n\t\t\t\t\t\t\t\t\t<p>\u2714 Sangrado al cepillarte o usar hilo dental.<br data-start=\"343\" data-end=\"346\" \/>\u2714 Sensibilidad o molestias al masticar.<br data-start=\"385\" data-end=\"388\" \/>\u2714 Enc\u00edas retra\u00eddas o dientes m\u00e1s largos de lo normal.<br data-start=\"441\" data-end=\"444\" \/>\u2714 Pus entre los dientes y enc\u00edas.<br data-start=\"477\" data-end=\"480\" \/>\u2714 Mal aliento persistente.<br data-start=\"506\" data-end=\"509\" \/>\u2714 Enc\u00edas enrojecidas o decoloradas.<br data-start=\"544\" data-end=\"547\" \/>\u2714 Dientes flojos o movilidad dental.<\/p>\t\t\t\t\t\t\t\t<\/div>\n\t\t\t\t<\/div>\n\t\t\t\t<\/div>\n\t\t\t\t<\/div>\n\t\t\t\t<div class=\"elementor-element elementor-element-52248dc elementor-align-center elementor-widget elementor-widget-button\" data-id=\"52248dc\" data-element_type=\"widget\" data-e-type=\"widget\" data-widget_type=\"button.default\">\n\t\t\t\t<div class=\"elementor-widget-container\">\n\t\t\t\t\t\t\t\t\t<div class=\"elementor-button-wrapper\">\n\t\t\t\t\t<a class=\"elementor-button elementor-button-link elementor-size-sm\" href=\"https:\/\/newsite.bgodontologos.com\/contactenos\/\">\n\t\t\t\t\t\t<span class=\"elementor-button-content-wrapper\">\n\t\t\t\t\t\t\t\t\t<span class=\"elementor-button-text\">Contact Us<\/span>\n\t\t\t\t\t<\/span>\n\t\t\t\t\t<\/a>\n\t\t\t\t<\/div>\n\t\t\t\t\t\t\t\t<\/div>\n\t\t\t\t<\/div>\n\t\t\t\t<div class=\"elementor-element elementor-element-878d466 elementor-widget elementor-widget-heading\" data-id=\"878d466\" data-element_type=\"widget\" data-e-type=\"widget\" data-widget_type=\"heading.default\">\n\t\t\t\t<div class=\"elementor-widget-container\">\n\t\t\t\t\t<h2 class=\"elementor-heading-title elementor-size-default\">\u00a1En BG Odont\u00f3logos y protege la salud de tus enc\u00edas!<\/h2>\t\t\t\t<\/div>\n\t\t\t\t<\/div>\n\t\t\t\t\t<\/div>\n\t\t\t\t<\/div>\n\t\t\t\t<\/div>","protected":false},"excerpt":{"rendered":"<p>Transforma tu sonrisa Protege la salud de tus enc\u00edas La periodoncia es clave para prevenir, diagnosticar y tratar enfermedades como la gingivitis y la periodontitis, causadas por la acumulaci\u00f3n de placa bacteriana. Si no se tratan a tiempo, pueden provocar mal aliento, inflamaci\u00f3n e incluso la p\u00e9rdida de dientes. En BG Odont\u00f3logos, contamos con especialistas [&hellip;]<\/p>","protected":false},"author":1,"featured_media":0,"parent":0,"menu_order":0,"comment_status":"closed","ping_status":"closed","template":"elementor_header_footer","meta":{"footnotes":""},"class_list":["post-517","page","type-page","status-publish","hentry"],"_links":{"self":[{"href":"https:\/\/bgodontologos.com\/en\/wp-json\/wp\/v2\/pages\/517","targetHints":{"allow":["GET"]}}],"collection":[{"href":"https:\/\/bgodontologos.com\/en\/wp-json\/wp\/v2\/pages"}],"about":[{"href":"https:\/\/bgodontologos.com\/en\/wp-json\/wp\/v2\/types\/page"}],"author":[{"embeddable":true,"href":"https:\/\/bgodontologos.com\/en\/wp-json\/wp\/v2\/users\/1"}],"replies":[{"embeddable":true,"href":"https:\/\/bgodontologos.com\/en\/wp-json\/wp\/v2\/comments?post=517"}],"version-history":[{"count":32,"href":"https:\/\/bgodontologos.com\/en\/wp-json\/wp\/v2\/pages\/517\/revisions"}],"predecessor-version":[{"id":2422,"href":"https:\/\/bgodontologos.com\/en\/wp-json\/wp\/v2\/pages\/517\/revisions\/2422"}],"wp:attachment":[{"href":"https:\/\/bgodontologos.com\/en\/wp-json\/wp\/v2\/media?parent=517"}],"curies":[{"name":"wp","href":"https:\/\/api.w.org\/{rel}","templated":true}]}}