{"id":618,"date":"2025-04-04T21:06:46","date_gmt":"2025-04-05T02:06:46","guid":{"rendered":"https:\/\/newsite.bgodontologos.com\/?page_id=618"},"modified":"2025-11-26T01:52:37","modified_gmt":"2025-11-26T06:52:37","slug":"endodoncia","status":"publish","type":"page","link":"https:\/\/bgodontologos.com\/en\/endodoncia\/","title":{"rendered":"Endodontics"},"content":{"rendered":"<div data-elementor-type=\"wp-page\" data-elementor-id=\"618\" class=\"elementor elementor-618\" data-elementor-post-type=\"page\">\n\t\t\t\t<div class=\"elementor-element elementor-element-180d54b1 e-flex e-con-boxed e-con e-parent\" data-id=\"180d54b1\" data-element_type=\"container\" data-e-type=\"container\" data-settings=\"{&quot;background_background&quot;:&quot;classic&quot;}\">\n\t\t\t\t\t<div class=\"e-con-inner\">\n\t\t<div class=\"elementor-element elementor-element-66d240a9 e-con-full e-flex e-con e-child\" data-id=\"66d240a9\" data-element_type=\"container\" data-e-type=\"container\">\n\t\t\t\t<div class=\"elementor-element elementor-element-20b2e819 elementor-invisible elementor-widget elementor-widget-heading\" data-id=\"20b2e819\" data-element_type=\"widget\" data-e-type=\"widget\" data-settings=\"{&quot;_animation&quot;:&quot;fadeInUp&quot;,&quot;_animation_delay&quot;:200}\" data-widget_type=\"heading.default\">\n\t\t\t\t<div class=\"elementor-widget-container\">\n\t\t\t\t\t<h1 class=\"elementor-heading-title elementor-size-default\">Endodontics<\/h1>\t\t\t\t<\/div>\n\t\t\t\t<\/div>\n\t\t\t\t<\/div>\n\t\t\t\t\t<\/div>\n\t\t\t\t<\/div>\n\t\t<div class=\"elementor-element elementor-element-55febc9 e-flex e-con-boxed e-con e-parent\" data-id=\"55febc9\" data-element_type=\"container\" data-e-type=\"container\">\n\t\t\t\t\t<div class=\"e-con-inner\">\n\t\t<div class=\"elementor-element elementor-element-8e05146 e-con-full e-flex e-con e-child\" data-id=\"8e05146\" data-element_type=\"container\" data-e-type=\"container\">\n\t\t<div class=\"elementor-element elementor-element-20ca248 e-con-full e-flex e-con e-child\" data-id=\"20ca248\" data-element_type=\"container\" data-e-type=\"container\" data-settings=\"{&quot;background_background&quot;:&quot;classic&quot;}\">\n\t\t<div class=\"elementor-element elementor-element-67c6b79 e-con-full e-flex e-con e-child\" data-id=\"67c6b79\" data-element_type=\"container\" data-e-type=\"container\">\n\t\t\t\t<div class=\"elementor-element elementor-element-c87dcd1 elementor-invisible elementor-widget elementor-widget-image\" data-id=\"c87dcd1\" data-element_type=\"widget\" data-e-type=\"widget\" data-settings=\"{&quot;_animation&quot;:&quot;fadeInLeft&quot;,&quot;_animation_delay&quot;:200}\" data-widget_type=\"image.default\">\n\t\t\t\t<div class=\"elementor-widget-container\">\n\t\t\t\t\t\t\t\t\t\t\t\t\t\t\t<img fetchpriority=\"high\" decoding=\"async\" width=\"900\" height=\"600\" src=\"https:\/\/bgodontologos.com\/wp-content\/uploads\/2025\/08\/endo.jpg\" class=\"attachment-full size-full wp-image-2278\" alt=\"\" srcset=\"https:\/\/bgodontologos.com\/wp-content\/uploads\/2025\/08\/endo.jpg 900w, https:\/\/bgodontologos.com\/wp-content\/uploads\/2025\/08\/endo-300x200.jpg 300w, https:\/\/bgodontologos.com\/wp-content\/uploads\/2025\/08\/endo-768x512.jpg 768w, https:\/\/bgodontologos.com\/wp-content\/uploads\/2025\/08\/endo-600x400.jpg 600w\" sizes=\"(max-width: 900px) 100vw, 900px\" \/>\t\t\t\t\t\t\t\t\t\t\t\t\t\t\t<\/div>\n\t\t\t\t<\/div>\n\t\t\t\t<\/div>\n\t\t<div class=\"elementor-element elementor-element-61be219 e-con-full e-flex elementor-invisible e-con e-child\" data-id=\"61be219\" data-element_type=\"container\" data-e-type=\"container\" data-settings=\"{&quot;animation&quot;:&quot;fadeInRight&quot;}\">\n\t\t\t\t<div class=\"elementor-element elementor-element-2e7e96f elementor-widget elementor-widget-heading\" data-id=\"2e7e96f\" data-element_type=\"widget\" data-e-type=\"widget\" data-widget_type=\"heading.default\">\n\t\t\t\t<div class=\"elementor-widget-container\">\n\t\t\t\t\t<div class=\"elementor-heading-title elementor-size-default\"><span style=\"font-family: Montserrat, sans-serif;font-size: 17px;text-align: justify\"><b>Endodontics,<\/b> a crucial treatment, deals with removing the infected pulp from a tooth\u2014which may result from deep decay, trauma, or fractures\u2014thus preventing tooth loss.<\/span><br style=\"font-family: Montserrat, sans-serif;font-size: 17px;text-align: justify\"><br style=\"font-family: Montserrat, sans-serif;font-size: 17px;text-align: justify\"><span style=\"font-family: Montserrat, sans-serif;font-size: 17px;text-align: justify\">When bacteria invade the pulp, they cause inflammation and pain. Endodontics is essential for preventing additional problems, such as bone loss.<\/span><br style=\"font-family: Montserrat, sans-serif;font-size: 17px;text-align: justify\"><br style=\"font-family: Montserrat, sans-serif;font-size: 17px;text-align: justify\"><span style=\"font-family: Montserrat, sans-serif;font-size: 17px;text-align: justify\">Lack of treatment can lead to tooth loss, in which case, dental implants can restore both the functionality and aesthetics of the bite.<\/span><\/div>\t\t\t\t<\/div>\n\t\t\t\t<\/div>\n\t\t<div class=\"elementor-element elementor-element-33bee59 e-con-full e-flex e-con e-child\" data-id=\"33bee59\" data-element_type=\"container\" data-e-type=\"container\">\n\t\t\t\t<div class=\"elementor-element elementor-element-6880b02 elementor-icon-list--layout-traditional elementor-list-item-link-full_width elementor-widget elementor-widget-icon-list\" data-id=\"6880b02\" data-element_type=\"widget\" data-e-type=\"widget\" data-widget_type=\"icon-list.default\">\n\t\t\t\t<div class=\"elementor-widget-container\">\n\t\t\t\t\t\t\t<ul class=\"elementor-icon-list-items\">\n\t\t\t\t\t\t\t<li class=\"elementor-icon-list-item\">\n\t\t\t\t\t\t\t\t\t\t\t<span class=\"elementor-icon-list-icon\">\n\t\t\t\t\t\t\t<i aria-hidden=\"true\" class=\"ti-money\"><\/i>\t\t\t\t\t\t<\/span>\n\t\t\t\t\t\t\t\t\t\t<span class=\"elementor-icon-list-text\"><\/span>\n\t\t\t\t\t\t\t\t\t<\/li>\n\t\t\t\t\t\t<\/ul>\n\t\t\t\t\t\t<\/div>\n\t\t\t\t<\/div>\n\t\t\t\t<div class=\"elementor-element elementor-element-6923566 elementor-widget elementor-widget-button\" data-id=\"6923566\" data-element_type=\"widget\" data-e-type=\"widget\" data-widget_type=\"button.default\">\n\t\t\t\t<div class=\"elementor-widget-container\">\n\t\t\t\t\t\t\t\t\t<div class=\"elementor-button-wrapper\">\n\t\t\t\t\t<a class=\"elementor-button elementor-button-link elementor-size-sm\" href=\"https:\/\/wa.me\/573242376599\">\n\t\t\t\t\t\t<span class=\"elementor-button-content-wrapper\">\n\t\t\t\t\t\t\t\t\t<span class=\"elementor-button-text\">Schedule Your Evaluation<\/span>\n\t\t\t\t\t<\/span>\n\t\t\t\t\t<\/a>\n\t\t\t\t<\/div>\n\t\t\t\t\t\t\t\t<\/div>\n\t\t\t\t<\/div>\n\t\t\t\t<\/div>\n\t\t\t\t<\/div>\n\t\t\t\t<\/div>\n\t\t\t\t<\/div>\n\t\t\t\t\t<\/div>\n\t\t\t\t<\/div>\n\t\t\t\t<\/div>","protected":false},"excerpt":{"rendered":"<p>La endodoncia, un tratamiento crucial, se ocupa de eliminar la pulpa infectada de un diente, que puede resultar de caries profundas, traumatismos o fracturas, evitando as\u00ed la p\u00e9rdida dental.Cuando las bacterias invaden la pulpa, provocan inflamaci\u00f3n y dolor. La endodoncia es esencial para prevenir problemas adicionales, como la p\u00e9rdida \u00f3sea.La falta de tratamiento puede conllevar [&hellip;]<\/p>","protected":false},"author":1,"featured_media":0,"parent":0,"menu_order":0,"comment_status":"closed","ping_status":"closed","template":"elementor_header_footer","meta":{"footnotes":""},"class_list":["post-618","page","type-page","status-publish","hentry"],"_links":{"self":[{"href":"https:\/\/bgodontologos.com\/en\/wp-json\/wp\/v2\/pages\/618","targetHints":{"allow":["GET"]}}],"collection":[{"href":"https:\/\/bgodontologos.com\/en\/wp-json\/wp\/v2\/pages"}],"about":[{"href":"https:\/\/bgodontologos.com\/en\/wp-json\/wp\/v2\/types\/page"}],"author":[{"embeddable":true,"href":"https:\/\/bgodontologos.com\/en\/wp-json\/wp\/v2\/users\/1"}],"replies":[{"embeddable":true,"href":"https:\/\/bgodontologos.com\/en\/wp-json\/wp\/v2\/comments?post=618"}],"version-history":[{"count":34,"href":"https:\/\/bgodontologos.com\/en\/wp-json\/wp\/v2\/pages\/618\/revisions"}],"predecessor-version":[{"id":2536,"href":"https:\/\/bgodontologos.com\/en\/wp-json\/wp\/v2\/pages\/618\/revisions\/2536"}],"wp:attachment":[{"href":"https:\/\/bgodontologos.com\/en\/wp-json\/wp\/v2\/media?parent=618"}],"curies":[{"name":"wp","href":"https:\/\/api.w.org\/{rel}","templated":true}]}}